{"id":8284,"date":"2020-12-25T00:52:04","date_gmt":"2020-12-24T15:52:04","guid":{"rendered":"https:\/\/sawadamayumi.com\/en\/?page_id=8284"},"modified":"2020-12-28T22:18:55","modified_gmt":"2020-12-28T13:18:55","slug":"cd_book","status":"publish","type":"page","link":"https:\/\/sawadamayumi.com\/en\/cd_book","title":{"rendered":"CD\u30fbBook"},"content":{"rendered":"<div class=\"wpb-content-wrapper\"><p>[vc_row][vc_column width=&#8221;1\/12&#8243;][\/vc_column][vc_column width=&#8221;5\/6&#8243;][vc_custom_heading text=&#8221;CD&#8221;][vc_tta_tabs][vc_tta_section title=&#8221;M\u00e9ditation&#8221; tab_id=&#8221;meditation&#8221;][vc_row_inner][vc_column_inner width=&#8221;1\/3&#8243;][vc_single_image image=&#8221;8430&#8243; img_size=&#8221;large&#8221;][vc_column_text]1 Jun 2018<br \/>\nMFS-0001<br \/>\n2,273yen+ tax[\/vc_column_text][vc_btn title=&#8221;Purchase&#8221; link=&#8221;url:%2Fen%2Fcd_book%2Fcd_order|title:Purchase&#8221;][\/vc_column_inner][vc_column_inner width=&#8221;2\/3&#8243;][vc_custom_heading text=&#8221;M\u00e9ditation&#8221;][vc_column_text]<\/p>\n<ol>\n<li>Paul Dukas: La plainte, au loin, du faune\u2026<br \/>\n<audio src=\"\/wp-content\/uploads\/2020\/11\/meditation_01.mp3\" controls=\"controls\"><span style=\"display: inline-block; width: 0px; overflow: hidden; line-height: 0;\" data-mce-type=\"bookmark\" class=\"mce_SELRES_start\">\ufeff<\/span><\/audio><\/li>\n<li>Toru Takemitsu: Les yeux clos<br \/>\n<audio src=\"\/wp-content\/uploads\/2020\/11\/meditation_02.mp3\" controls=\"controls\"><span style=\"display: inline-block; width: 0px; overflow: hidden; line-height: 0;\" data-mce-type=\"bookmark\" class=\"mce_SELRES_start\">\ufeff<\/span><\/audio><\/li>\n<li>Claude Debussy: Clair de Lune (Suite Bergamasque)<br \/>\n<audio src=\"\/wp-content\/uploads\/2020\/11\/meditation_03.mp3\" controls=\"controls\"><span style=\"display: inline-block; width: 0px; overflow: hidden; line-height: 0;\" data-mce-type=\"bookmark\" class=\"mce_SELRES_start\">\ufeff<\/span><\/audio><\/li>\n<li>J.S.Bach=Kempff: Zion h\u00f6rt die W\u00e4chter singen (Kantata &#8220;Wachet auf, ruft uns die Stimme&#8221; BWV 140)<\/li>\n<li>Zolt\u00e1n Kod\u00e1ly: M\u00e9ditation sur un motif de Claude Debussy<\/li>\n<li>Maurice Ravel: Le tombeau de Couperin \u2161. Fugue<\/li>\n<li>Maurice Ravel: Le tombeau de Couperin \u2164. Menuet<\/li>\n<li>Maurice Ravel: Pavane pour une infant d\u00e9funte<\/li>\n<li>J.S.Bach: Partita Nr.2 c-moll BVW 826 Sarabande<\/li>\n<li>B\u00e9la Bart\u00f3k: Sonate 2 mov.<\/li>\n<li>Sergei Prokofiev: &#8220;Romeo &amp; Juliet&#8221; 10 pieces for Piano Op.75 \u2166. Father Lorenzo<\/li>\n<li>Sergei Prokofiev: &#8220;Romeo &amp; Juliet&#8221; 10 pieces for Piano Op.75 \u2168. Lily Dance of the Maidens<\/li>\n<li>Alexander Zemlinsky: L\u00e4ndliche T\u00e4nze Op.1 \u2162. Tr\u00e4umerisch<br \/>\n<audio src=\"\/wp-content\/uploads\/2020\/11\/meditation_13.mp3\" controls=\"controls\"><span style=\"display: inline-block; width: 0px; overflow: hidden; line-height: 0;\" data-mce-type=\"bookmark\" class=\"mce_SELRES_start\">\ufeff<\/span><\/audio><\/li>\n<li>Alexander Zemlinsky: L\u00e4ndliche T\u00e4nze Op.1 \u2164. Hintr\u00e4umend<br \/>\n<audio src=\"\/wp-content\/uploads\/2020\/11\/meditation_14.mp3\" controls=\"controls\"><span style=\"display: inline-block; width: 0px; overflow: hidden; line-height: 0;\" data-mce-type=\"bookmark\" class=\"mce_SELRES_start\">\ufeff<\/span><\/audio><\/li>\n<li>Alexander Zemlinsky: L\u00e4ndliche T\u00e4nze Op.1 \u2167. Sehr zart<\/li>\n<li>Alexander Zemlinsky: L\u00e4ndliche T\u00e4nze Op.1 \u2168. Heiter (Walzer-Tempo)<\/li>\n<li>Clara Schumann: Mazurka g-moll (Soir\u00e9es musicales Op.6)<br \/>\n<audio src=\"\/wp-content\/uploads\/2020\/11\/meditation_17.mp3\" controls=\"controls\"><span style=\"display: inline-block; width: 0px; overflow: hidden; line-height: 0;\" data-mce-type=\"bookmark\" class=\"mce_SELRES_start\">\ufeff<\/span><\/audio><\/li>\n<li>Isaac Alb\u00e9niz: C\u00f3rdoba (Cantos de Espa\u00f1a Op.232)<br \/>\n<audio src=\"\/wp-content\/uploads\/2020\/11\/meditation_18.mp3\" controls=\"controls\"><span style=\"display: inline-block; width: 0px; overflow: hidden; line-height: 0;\" data-mce-type=\"bookmark\" class=\"mce_SELRES_start\">\ufeff<\/span><\/audio><\/li>\n<li>Fr\u00e9d\u00e9ric Chopin: Mazurka a-moll Op.17-4<\/li>\n<\/ol>\n<p>Mayumi SAWADA, piano<\/p>\n<p><strong>Live Recording<\/strong><\/p>\n<ul>\n<li>1-4 Oji Hall, Tokyo, 20 September 2010<\/li>\n<li>5-6 Oji Hall, Tokyo, 25 May 2012<\/li>\n<li>7-8 Core Hall, Takasaki, 11 May 2012<\/li>\n<li>9-12 Asahi Hall, Tokyo, 28 July 2013<\/li>\n<li>13-19 Tsuda Hall, Tokyo, 22 March 2015<\/li>\n<\/ul>\n<p>[\/vc_column_text][\/vc_column_inner][\/vc_row_inner][\/vc_tta_section][vc_tta_section title=&#8221;Meirou Sugahara Instrumental Works&#8221; tab_id=&#8221;sugahara&#8221;][vc_row_inner][vc_column_inner width=&#8221;1\/3&#8243;][vc_single_image image=&#8221;8428&#8243; img_size=&#8221;large&#8221;][vc_column_text]28 Apr 2018<br \/>\nMTWD-99065<br \/>\n3,000yen +tax[\/vc_column_text][\/vc_column_inner][vc_column_inner width=&#8221;2\/3&#8243;][vc_custom_heading text=&#8221;Meirou Sugahara Instrumental Works&#8221;][vc_column_text]<\/p>\n<ol>\n<li>Hakuho-no-uta ~Solo Piano~ \u2160. Roukechi<\/li>\n<li>Hakuho-no-uta ~Solo Piano~ \u2161. Wagon<\/li>\n<li>Hakuho-no-uta ~Solo Piano~ \u2162. Suien<\/li>\n<li>3 Fioli per Violino Solo \u2160. Lento<\/li>\n<li>3 Fioli per Violino Solo \u2161. Vivace<\/li>\n<li>3 Fioli per Violino Solo \u2162. Moderato<\/li>\n<li>Ballade pour Violon et Piano<\/li>\n<li>Sonata per Solo Violoncello \u2160. Allegro Moderato<\/li>\n<li>Sonata per Solo Violoncello \u2161. Lento<\/li>\n<li>Sonata per Solo Violoncello \u2162. Allegro<\/li>\n<li>Bourgogne ~3 pi\u00e8ces pour Piano~ \u2160. V\u00e8zelay<\/li>\n<\/ol>\n<ul>\n<li>Mayumi SAWADA, piano 1-3, 7, 11<\/li>\n<li>Chihiro INDA, violin 4-7<\/li>\n<li>Yosuke INDA, violoncello 8-10<\/li>\n<\/ul>\n<p>[\/vc_column_text][\/vc_column_inner][\/vc_row_inner][\/vc_tta_section][vc_tta_section title=&#8221;Dreamland\/Children&#8217;s Corner&#8221; tab_id=&#8221;dreamland&#8221;][vc_row_inner][vc_column_inner width=&#8221;1\/3&#8243;][vc_single_image image=&#8221;8429&#8243; img_size=&#8221;large&#8221;][vc_column_text]31 May 2014<br \/>\nMTWD-99056<br \/>\n2,778yen + tax[\/vc_column_text][vc_btn title=&#8221;Purchase&#8221; link=&#8221;url:%2Fen%2Fcd_book%2Fcd_order|title:Purchase&#8221;][\/vc_column_inner][vc_column_inner width=&#8221;2\/3&#8243;][vc_custom_heading text=&#8221;DREAMLAND\/CHILDREN&#8217;S CORNER&#8221;][vc_column_text]<\/p>\n<h3>Komei ABE(1911-2006):Easy Piano Pieces for Children &#8220;DREAMLAND&#8221;<\/h3>\n<ol>\n<li>Boucing a ball<\/li>\n<li>Lovely puppy<\/li>\n<li>Playful kitten<\/li>\n<li>Lonsome pigeon<\/li>\n<li>Choochoo train<\/li>\n<li>&#8220;Scale&#8221; March<\/li>\n<li>Fly, fly, kite !<\/li>\n<li>Let&#8217;s walk !<\/li>\n<li>Starlit sky<\/li>\n<li>A worn-out doll<\/li>\n<li>On a swing<\/li>\n<li>Marionette<\/li>\n<li>Quarrel between black and red ants<\/li>\n<li>On a small boat<\/li>\n<li>Dancing fallen leaves<br \/>\n<audio src=\"\/wp-content\/uploads\/2020\/11\/dreamland_15.mp3\" controls=\"controls\"><span style=\"display: inline-block; width: 0px; overflow: hidden; line-height: 0;\" data-mce-type=\"bookmark\" class=\"mce_SELRES_start\">\ufeff<\/span><\/audio><\/li>\n<li>Oh, swan !<br \/>\n<audio src=\"\/wp-content\/uploads\/2020\/11\/dreamland_16.mp3\" controls=\"controls\"><span style=\"display: inline-block; width: 0px; overflow: hidden; line-height: 0;\" data-mce-type=\"bookmark\" class=\"mce_SELRES_start\">\ufeff<\/span><\/audio><\/li>\n<li>Beautiful evening glow<\/li>\n<li>Skillful mimicker<\/li>\n<li>Fall, fall, snow !<\/li>\n<li>Farewell<\/li>\n<li>Doll&#8217;s dancing party<\/li>\n<li>Cuckoos are singing<\/li>\n<\/ol>\n<h3>Kosaku YAMADA:YUME NO MOMOTARO<\/h3>\n<ol start=\"23\">\n<li>Prelude<br \/>\n<audio src=\"\/wp-content\/uploads\/2020\/11\/dreamland_23.mp3\" controls=\"controls\"><span style=\"display: inline-block; width: 0px; overflow: hidden; line-height: 0;\" data-mce-type=\"bookmark\" class=\"mce_SELRES_start\">\ufeff<\/span><\/audio><\/li>\n<li>Minuettino<\/li>\n<li>Waltz<\/li>\n<li>Rondinetto<br \/>\n<audio src=\"\/wp-content\/uploads\/2020\/11\/dreamland_26.mp3\" controls=\"controls\"><span style=\"display: inline-block; width: 0px; overflow: hidden; line-height: 0;\" data-mce-type=\"bookmark\" class=\"mce_SELRES_start\">\ufeff<\/span><\/audio><\/li>\n<li>Scherzino diabolo<\/li>\n<li>Marcia trionfante<\/li>\n<\/ol>\n<h3>Claude DEBUSSY:CHILDREN&#8217;S CORNER<\/h3>\n<ol start=\"29\">\n<li>Doctor Gradus ad Parnassum<\/li>\n<li>Jumbo&#8217;s Lullaby<\/li>\n<li>Serenade for the Doll<\/li>\n<li>The snow is dancing<\/li>\n<li>The little Shepherd<br \/>\n<audio src=\"\/wp-content\/uploads\/2020\/11\/dreamland_33.mp3\" controls=\"controls\"><span style=\"display: inline-block; width: 0px; overflow: hidden; line-height: 0;\" data-mce-type=\"bookmark\" class=\"mce_SELRES_start\">\ufeff<\/span><\/audio><\/li>\n<li>Golliwogg&#8217;s cake walk<br \/>\n<audio src=\"\/wp-content\/uploads\/2020\/11\/dreamland_34.mp3\" controls=\"controls\"><span style=\"display: inline-block; width: 0px; overflow: hidden; line-height: 0;\" data-mce-type=\"bookmark\" class=\"mce_SELRES_start\">\ufeff<\/span><\/audio><\/li>\n<\/ol>\n<ul>\n<li>Mayumi SAWADA, piano 1-34<\/li>\n<li>Sumiko NAGAI, naration 1-22<\/li>\n<\/ul>\n<p>[\/vc_column_text][\/vc_column_inner][\/vc_row_inner][\/vc_tta_section][vc_tta_section title=&#8221;Kosaku Yamada\/Works for violin and piano&#8221; tab_id=&#8221;kosakuyamada&#8221;][vc_row_inner][vc_column_inner width=&#8221;1\/3&#8243;][vc_single_image image=&#8221;8431&#8243; img_size=&#8221;large&#8221;][vc_column_text]2 Feb 2011<br \/>\nMTWD-99046<br \/>\n2,858yen + tax[\/vc_column_text][vc_btn title=&#8221;Purchase&#8221; link=&#8221;url:%2Fen%2Fcd_book%2Fcd_order|title:Purchase&#8221;][\/vc_column_inner][vc_column_inner width=&#8221;2\/3&#8243;][vc_custom_heading text=&#8221;Kosaku Yamada HIGANBANA Works for Violin and Piano&#8221;][vc_column_text el_class=&#8221;music-index&#8221;]<\/p>\n<ol>\n<li>Higanbana (arr. Stupin \/ Migaku Kitsukawa)<\/li>\n<li>King Karl March (orig K.L. Unrath)<\/li>\n<li>&#8220;Kismet&#8221; Oriental Characteristic (orig. J.D.Markey)<\/li>\n<li>The Jolly Coppersmith (orig. C. Peters)<\/li>\n<li>Forge in the Forest (orig. T. Michaelis)<\/li>\n<li>Turkish Patrol (orig. T. Michaelis)<\/li>\n<li>Rokudan (orig. Kengyo Yatsuhashi)<\/li>\n<li>Petite Melodie Japonaise (orig. Hozumi Tanaka)<\/li>\n<li>Japanese Mother&#8217;s Lullaby (orig. Japanese old song)<\/li>\n<li>Kuruka-Kuruka (arr. Zimbalist)<\/li>\n<li>Allegretto Brillante<\/li>\n<li>Debt<\/li>\n<li>To Luna<\/li>\n<li>Romanze (arr. Migaku Kitsukawa)<\/li>\n<li>Makiba Asa<\/li>\n<li>Makiba Hiru<\/li>\n<li>Makiba Y\u016b<\/li>\n<\/ol>\n<ul>\n<li>Chihiro INDA, violin<\/li>\n<li>Mayumi SAWADA, piano<\/li>\n<\/ul>\n<p>[\/vc_column_text][\/vc_column_inner][\/vc_row_inner][\/vc_tta_section][\/vc_tta_tabs][\/vc_column][vc_column width=&#8221;1\/12&#8243;][\/vc_column][\/vc_row][vc_row][vc_column width=&#8221;1\/12&#8243;][\/vc_column][vc_column width=&#8221;5\/6&#8243;][vc_column_text]<span style=\"text-align: center;\"><a href=\"https:\/\/sawadamayumi.com\/wp-content\/uploads\/2020\/11\/jasrac-trial.jpg\" rel=\"lightbox[8284]\"><img decoding=\"async\" class=\"size-full wp-image-8526 aligncenter\" src=\"https:\/\/sawadamayumi.com\/wp-content\/uploads\/2020\/11\/jasrac-trial.jpg\" alt=\"\" width=\"50\" height=\"auto\" \/><\/a><\/span><\/p>\n<p style=\"font-size: x-small; text-align: center;\">JASRAC No.S2011043703<\/p>\n<p>[\/vc_column_text][\/vc_column][vc_column width=&#8221;1\/12&#8243;][\/vc_column][\/vc_row][vc_row][vc_column][vc_column_text]<\/p>\n<p>[\/vc_column_text][\/vc_column][\/vc_row][vc_row][vc_column width=&#8221;1\/12&#8243;][\/vc_column][vc_column width=&#8221;5\/6&#8243;][vc_custom_heading text=&#8221;Book&#8221;][vc_tta_tabs][vc_tta_section title=&#8221;Fields of Research Music Expression 2&#8243; tab_id=&#8221;ongakuhyogengakuf2&#8243;][vc_row_inner][vc_column_inner width=&#8221;3\/12&#8243;][vc_single_image image=&#8221;8451&#8243; img_size=&#8221;large&#8221;][\/vc_column_inner][vc_column_inner width=&#8221;9\/12&#8243;][vc_column_text]Release Date:Sep 2016<br \/>\nISBN:978-4-490-20945-7 C1073[\/vc_column_text][\/vc_column_inner][\/vc_row_inner][\/vc_tta_section][vc_tta_section title=&#8221;Music to learn with Christianity&#8221; tab_id=&#8221;christ&#8221;][vc_row_inner][vc_column_inner width=&#8221;3\/12&#8243;][vc_single_image image=&#8221;8452&#8243; img_size=&#8221;large&#8221;][\/vc_column_inner][vc_column_inner width=&#8221;9\/12&#8243;][vc_column_text]Release Date:Apr 2010<br \/>\nISBN:ISBN978-4-88274-210-4 C0073[\/vc_column_text][\/vc_column_inner][\/vc_row_inner][\/vc_tta_section][\/vc_tta_tabs][\/vc_column][vc_column width=&#8221;1\/12&#8243;][\/vc_column][\/vc_row]<\/p>\n<\/div>","protected":false},"excerpt":{"rendered":"<p>[vc_row][vc_column width=&#8221;1\/12&#8243;][\/vc_column][vc_column width=&#8221;5\/6&#8243;][vc_custom_heading text=&#8221;CD&#8221;][vc_tta_tabs][vc_tta_section title=&#8221;M\u00e9ditation&#8221; tab_id=&#8221;meditation&#8221;][vc_row_inner][vc_column_inner width=&#8221;1\/3&#8243;][vc_single_image image=&#8221;8430&#8243; img_size=&#8221;large&#8221;][vc_column_text]1 Jun 2018 MFS-0001 2,273yen+ tax[\/vc_column_text][vc_btn title=&#8221;Purchase&#8221; link=&#8221;url:%2Fen%2Fcd_book%2Fcd_order|title:Purchase&#8221;][\/vc_column_inner][vc_column_inner width=&#8221;2\/3&#8243;][vc_custom_heading text=&#8221;M\u00e9ditation&#8221;][vc_column_text] Paul Dukas: La plainte, au loin, du faune\u2026 \ufeff Toru Takemitsu: Les yeux clos \ufeff Claude Debussy: Clair de Lune (Suite Bergamasque) \ufeff J.S.Bach=Kempff: Zion h\u00f6rt die W\u00e4chter singen (Kantata &#8220;Wachet auf,&hellip;<\/p>\n<p> <a class=\"more-link\" href=\"https:\/\/sawadamayumi.com\/en\/cd_book\">Read more<\/a><\/p>\n","protected":false},"author":1,"featured_media":0,"parent":0,"menu_order":300,"comment_status":"closed","ping_status":"closed","template":"","meta":{"footnotes":""},"class_list":["post-8284","page","type-page","status-publish"],"aioseo_notices":[],"_links":{"self":[{"href":"https:\/\/sawadamayumi.com\/en\/wp-json\/wp\/v2\/pages\/8284","targetHints":{"allow":["GET"]}}],"collection":[{"href":"https:\/\/sawadamayumi.com\/en\/wp-json\/wp\/v2\/pages"}],"about":[{"href":"https:\/\/sawadamayumi.com\/en\/wp-json\/wp\/v2\/types\/page"}],"author":[{"embeddable":true,"href":"https:\/\/sawadamayumi.com\/en\/wp-json\/wp\/v2\/users\/1"}],"replies":[{"embeddable":true,"href":"https:\/\/sawadamayumi.com\/en\/wp-json\/wp\/v2\/comments?post=8284"}],"version-history":[{"count":19,"href":"https:\/\/sawadamayumi.com\/en\/wp-json\/wp\/v2\/pages\/8284\/revisions"}],"predecessor-version":[{"id":8488,"href":"https:\/\/sawadamayumi.com\/en\/wp-json\/wp\/v2\/pages\/8284\/revisions\/8488"}],"wp:attachment":[{"href":"https:\/\/sawadamayumi.com\/en\/wp-json\/wp\/v2\/media?parent=8284"}],"curies":[{"name":"wp","href":"https:\/\/api.w.org\/{rel}","templated":true}]}}